{"id":3913,"date":"2021-01-19T09:57:30","date_gmt":"2021-01-19T08:57:30","guid":{"rendered":"http:\/\/fitonasalfrspray.multisite.aboca.com\/?page_id=3913"},"modified":"2026-01-12T18:20:12","modified_gmt":"2026-01-12T17:20:12","slug":"fitonasal-spray-concentre","status":"publish","type":"page","link":"https:\/\/www.fitonasal.fr\/spray\/fitonasal-spray-concentre\/","title":{"rendered":"Fitonasal Spray concentr\u00e9"},"content":{"rendered":"\n<h3 class=\"wp-block-heading\">D\u00e9congestionne et fluidifie. Prot\u00e8ge et favorise la r\u00e9g\u00e9n\u00e9ration de la muqueuse.<\/h3>\n\n\n\n<p><strong>Fitonasal<\/strong><strong>&nbsp;Spray concentr\u00e9&nbsp;<\/strong>est un d\u00e9congestionnant protecteur \u00e0 utiliser en cas de rhume, d\u2019allergie et plus g\u00e9n\u00e9ralement, en pr\u00e9sence de congestion et d\u2019irritation des cavit\u00e9s nasales, li\u00e9es \u00e0 des troubles aigus et chroniques.<br>Le produit contient&nbsp;<strong>Tannisal<\/strong><strong>-FL<\/strong>, un complexe mol\u00e9culaire compos\u00e9 de Tanins, Flavono\u00efdes et Sel gemme.<\/p>\n\n\n\n<h3 class=\"wp-block-heading\">COMPOSITION<\/h3>\n\n\n\n<p>TANNISAL-FL : complexe mol\u00e9culaire standardis\u00e9 compos\u00e9 d\u2019une fraction de tanins et d\u2019une fraction flavono\u00efque (issue de l\u2019Hamam\u00e9lis et du Thym), et de Sel Gemme (sel d\u2019extraction mini\u00e8re non trait\u00e9 chimiquement). Eau, Glyc\u00e9rine v\u00e9g\u00e9tale, Ar\u00f4me naturel d\u2019Eucalyptus et Ar\u00f4me naturel de Menthe. Le produit ne contient pas des conservateurs, d\u2019\u00e9mulsifiants ni d\u2019autres substances de synth\u00e8se.<\/p>\n\n\n\n<h3 class=\"wp-block-heading\">POSOLOGIE<\/h3>\n\n\n\n<p><strong>Adultes et enfants \u00e2g\u00e9s de plus de 12 ans<\/strong>&nbsp;: appliquer 2 pulv\u00e9risations par narine, se moucher le nez et r\u00e9p\u00e9ter l\u2019application.<br><strong>Enfants \u00e2g\u00e9s de 6 \u00e0 12 ans<\/strong>&nbsp;: appliquer 1 pulv\u00e9risation par narine, se moucher le nez et r\u00e9p\u00e9ter l\u2019application.<br>Apr\u00e8s chaque utilisation, nettoyer l\u2019embout diffuseur \u00e0 l\u2019aide d\u2019un linge propre et humide et s\u00e9cher soigneusement.<br>Il est conseill\u00e9 d\u2019appliquer Fitonasal Spray concentr\u00e9 plusieurs fois durant la journ\u00e9e, m\u00eame \u00e0 quelques heures d\u2019intervalle, et de r\u00e9p\u00e9ter la pulv\u00e9risation avant de se coucher.<\/p>\n\n\n\n<h3 class=\"wp-block-heading\">MISES EN GARDE<\/h3>\n\n\n\n<p>Ne pas utiliser le produit en cas d\u2019hypersensibilit\u00e9 ou d\u2019allergie envers un ou plusieurs des composants.<br>\u00c0 utiliser exclusivement par voie nasale.<br>\u00c9viter le contact avec les yeux ; au besoin les laver \u00e0 l\u2019eau. Si les sympt\u00f4mes persistent, veuillez consulter votre m\u00e9decin.<br>Conserver \u00e0 temp\u00e9rature ambiante dans un lieu frais, sec, loin de toute source de chaleur et \u00e0 l\u2019abri de la lumi\u00e8re. Tenir hors de port\u00e9e des enfants.<\/p>\n\n\n\n<h3 class=\"wp-block-heading\">P\u00c9REMPTION<\/h3>\n\n\n\n<p>Apr\u00e8s la premi\u00e8re utilisation, le produit peut \u00eatre utilis\u00e9 jusqu\u2019\u00e0 la date de p\u00e9remption indiqu\u00e9e sur l\u2019emballage. La date de p\u00e9remption se r\u00e9f\u00e8re au produit intact et conserv\u00e9&nbsp;correctement.<\/p>\n","protected":false},"excerpt":{"rendered":"<p>D\u00e9congestionne et fluidifie. Prot\u00e8ge et favorise la r\u00e9g\u00e9n\u00e9ration de la muqueuse. Fitonasal&nbsp;Spray concentr\u00e9&nbsp;est un d\u00e9congestionnant protecteur \u00e0 utiliser en cas de rhume, d\u2019allergie et plus g\u00e9n\u00e9ralement, en pr\u00e9sence de congestion et d\u2019irritation des cavit\u00e9s nasales, li\u00e9es \u00e0 des troubles aigus et chroniques.Le produit contient&nbsp;Tannisal-FL, un complexe mol\u00e9culaire compos\u00e9 de Tanins, Flavono\u00efdes et Sel gemme. COMPOSITION&#8230;  <a href=\"https:\/\/www.fitonasal.fr\/spray\/fitonasal-spray-concentre\/\" class=\"more-link\" title=\"Read Fitonasal Spray concentr\u00e9\">Leggi tutto &raquo;<\/a><\/p>\n","protected":false},"author":2,"featured_media":0,"parent":0,"menu_order":0,"comment_status":"closed","ping_status":"closed","template":"","meta":{"footnotes":""},"class_list":["post-3913","page","type-page","status-publish","hentry"],"yoast_head":"<!-- This site is optimized with the Yoast SEO plugin v27.4 - https:\/\/yoast.com\/product\/yoast-seo-wordpress\/ -->\n<title>Fitonasal Spray concentr\u00e9 - Fitonasal Spray<\/title>\n<meta name=\"robots\" content=\"index, follow, max-snippet:-1, max-image-preview:large, max-video-preview:-1\" \/>\n<link rel=\"canonical\" href=\"https:\/\/www.fitonasal.fr\/spray\/fitonasal-spray-concentre\/\" \/>\n<meta property=\"og:locale\" content=\"fr_FR\" \/>\n<meta property=\"og:type\" content=\"article\" \/>\n<meta property=\"og:title\" content=\"Fitonasal Spray concentr\u00e9 - Fitonasal Spray\" \/>\n<meta property=\"og:description\" content=\"D\u00e9congestionne et fluidifie. Prot\u00e8ge et favorise la r\u00e9g\u00e9n\u00e9ration de la muqueuse. Fitonasal&nbsp;Spray concentr\u00e9&nbsp;est un d\u00e9congestionnant protecteur \u00e0 utiliser en cas de rhume, d\u2019allergie et plus g\u00e9n\u00e9ralement, en pr\u00e9sence de congestion et d\u2019irritation des cavit\u00e9s nasales, li\u00e9es \u00e0 des troubles aigus et chroniques.Le produit contient&nbsp;Tannisal-FL, un complexe mol\u00e9culaire compos\u00e9 de Tanins, Flavono\u00efdes et Sel gemme. COMPOSITION... Leggi tutto &raquo;\" \/>\n<meta property=\"og:url\" content=\"https:\/\/www.fitonasal.fr\/spray\/fitonasal-spray-concentre\/\" \/>\n<meta property=\"og:site_name\" content=\"Fitonasal Spray\" \/>\n<meta property=\"article:modified_time\" content=\"2026-01-12T17:20:12+00:00\" \/>\n<meta name=\"twitter:card\" content=\"summary_large_image\" \/>\n<meta name=\"twitter:label1\" content=\"Dur\u00e9e de lecture estim\u00e9e\" \/>\n\t<meta name=\"twitter:data1\" content=\"2 minutes\" \/>\n<script type=\"application\/ld+json\" class=\"yoast-schema-graph\">{\"@context\":\"https:\\\/\\\/schema.org\",\"@graph\":[{\"@type\":\"WebPage\",\"@id\":\"https:\\\/\\\/www.fitonasal.fr\\\/spray\\\/fitonasal-spray-concentre\\\/\",\"url\":\"https:\\\/\\\/www.fitonasal.fr\\\/spray\\\/fitonasal-spray-concentre\\\/\",\"name\":\"Fitonasal Spray concentr\u00e9 - Fitonasal Spray\",\"isPartOf\":{\"@id\":\"https:\\\/\\\/www.fitonasal.fr\\\/spray\\\/#website\"},\"datePublished\":\"2021-01-19T08:57:30+00:00\",\"dateModified\":\"2026-01-12T17:20:12+00:00\",\"breadcrumb\":{\"@id\":\"https:\\\/\\\/www.fitonasal.fr\\\/spray\\\/fitonasal-spray-concentre\\\/#breadcrumb\"},\"inLanguage\":\"fr-FR\",\"potentialAction\":[{\"@type\":\"ReadAction\",\"target\":[\"https:\\\/\\\/www.fitonasal.fr\\\/spray\\\/fitonasal-spray-concentre\\\/\"]}]},{\"@type\":\"BreadcrumbList\",\"@id\":\"https:\\\/\\\/www.fitonasal.fr\\\/spray\\\/fitonasal-spray-concentre\\\/#breadcrumb\",\"itemListElement\":[{\"@type\":\"ListItem\",\"position\":1,\"name\":\"Home\",\"item\":\"https:\\\/\\\/www.fitonasal.fr\\\/spray\\\/\"},{\"@type\":\"ListItem\",\"position\":2,\"name\":\"Fitonasal Spray concentr\u00e9\"}]},{\"@type\":\"WebSite\",\"@id\":\"https:\\\/\\\/www.fitonasal.fr\\\/spray\\\/#website\",\"url\":\"https:\\\/\\\/www.fitonasal.fr\\\/spray\\\/\",\"name\":\"Fitonasal Spray\",\"description\":\"Fitonasal Spray concentr\u00e9 est un d\u00e9congestionnant qui respecte votre muqueuse nasale, la prot\u00e8ge et par cons\u00e9quent la r\u00e9g\u00e9n\u00e8re.\",\"potentialAction\":[{\"@type\":\"SearchAction\",\"target\":{\"@type\":\"EntryPoint\",\"urlTemplate\":\"https:\\\/\\\/www.fitonasal.fr\\\/spray\\\/?s={search_term_string}\"},\"query-input\":{\"@type\":\"PropertyValueSpecification\",\"valueRequired\":true,\"valueName\":\"search_term_string\"}}],\"inLanguage\":\"fr-FR\"}]}<\/script>\n<!-- \/ Yoast SEO plugin. -->","yoast_head_json":{"title":"Fitonasal Spray concentr\u00e9 - Fitonasal Spray","robots":{"index":"index","follow":"follow","max-snippet":"max-snippet:-1","max-image-preview":"max-image-preview:large","max-video-preview":"max-video-preview:-1"},"canonical":"https:\/\/www.fitonasal.fr\/spray\/fitonasal-spray-concentre\/","og_locale":"fr_FR","og_type":"article","og_title":"Fitonasal Spray concentr\u00e9 - Fitonasal Spray","og_description":"D\u00e9congestionne et fluidifie. Prot\u00e8ge et favorise la r\u00e9g\u00e9n\u00e9ration de la muqueuse. Fitonasal&nbsp;Spray concentr\u00e9&nbsp;est un d\u00e9congestionnant protecteur \u00e0 utiliser en cas de rhume, d\u2019allergie et plus g\u00e9n\u00e9ralement, en pr\u00e9sence de congestion et d\u2019irritation des cavit\u00e9s nasales, li\u00e9es \u00e0 des troubles aigus et chroniques.Le produit contient&nbsp;Tannisal-FL, un complexe mol\u00e9culaire compos\u00e9 de Tanins, Flavono\u00efdes et Sel gemme. COMPOSITION... Leggi tutto &raquo;","og_url":"https:\/\/www.fitonasal.fr\/spray\/fitonasal-spray-concentre\/","og_site_name":"Fitonasal Spray","article_modified_time":"2026-01-12T17:20:12+00:00","twitter_card":"summary_large_image","twitter_misc":{"Dur\u00e9e de lecture estim\u00e9e":"2 minutes"},"schema":{"@context":"https:\/\/schema.org","@graph":[{"@type":"WebPage","@id":"https:\/\/www.fitonasal.fr\/spray\/fitonasal-spray-concentre\/","url":"https:\/\/www.fitonasal.fr\/spray\/fitonasal-spray-concentre\/","name":"Fitonasal Spray concentr\u00e9 - Fitonasal Spray","isPartOf":{"@id":"https:\/\/www.fitonasal.fr\/spray\/#website"},"datePublished":"2021-01-19T08:57:30+00:00","dateModified":"2026-01-12T17:20:12+00:00","breadcrumb":{"@id":"https:\/\/www.fitonasal.fr\/spray\/fitonasal-spray-concentre\/#breadcrumb"},"inLanguage":"fr-FR","potentialAction":[{"@type":"ReadAction","target":["https:\/\/www.fitonasal.fr\/spray\/fitonasal-spray-concentre\/"]}]},{"@type":"BreadcrumbList","@id":"https:\/\/www.fitonasal.fr\/spray\/fitonasal-spray-concentre\/#breadcrumb","itemListElement":[{"@type":"ListItem","position":1,"name":"Home","item":"https:\/\/www.fitonasal.fr\/spray\/"},{"@type":"ListItem","position":2,"name":"Fitonasal Spray concentr\u00e9"}]},{"@type":"WebSite","@id":"https:\/\/www.fitonasal.fr\/spray\/#website","url":"https:\/\/www.fitonasal.fr\/spray\/","name":"Fitonasal Spray","description":"Fitonasal Spray concentr\u00e9 est un d\u00e9congestionnant qui respecte votre muqueuse nasale, la prot\u00e8ge et par cons\u00e9quent la r\u00e9g\u00e9n\u00e8re.","potentialAction":[{"@type":"SearchAction","target":{"@type":"EntryPoint","urlTemplate":"https:\/\/www.fitonasal.fr\/spray\/?s={search_term_string}"},"query-input":{"@type":"PropertyValueSpecification","valueRequired":true,"valueName":"search_term_string"}}],"inLanguage":"fr-FR"}]}},"_links":{"self":[{"href":"https:\/\/www.fitonasal.fr\/spray\/wp-json\/wp\/v2\/pages\/3913","targetHints":{"allow":["GET"]}}],"collection":[{"href":"https:\/\/www.fitonasal.fr\/spray\/wp-json\/wp\/v2\/pages"}],"about":[{"href":"https:\/\/www.fitonasal.fr\/spray\/wp-json\/wp\/v2\/types\/page"}],"author":[{"embeddable":true,"href":"https:\/\/www.fitonasal.fr\/spray\/wp-json\/wp\/v2\/users\/2"}],"replies":[{"embeddable":true,"href":"https:\/\/www.fitonasal.fr\/spray\/wp-json\/wp\/v2\/comments?post=3913"}],"version-history":[{"count":5,"href":"https:\/\/www.fitonasal.fr\/spray\/wp-json\/wp\/v2\/pages\/3913\/revisions"}],"predecessor-version":[{"id":4092,"href":"https:\/\/www.fitonasal.fr\/spray\/wp-json\/wp\/v2\/pages\/3913\/revisions\/4092"}],"wp:attachment":[{"href":"https:\/\/www.fitonasal.fr\/spray\/wp-json\/wp\/v2\/media?parent=3913"}],"curies":[{"name":"wp","href":"https:\/\/api.w.org\/{rel}","templated":true}]}}