{"id":3896,"date":"2021-01-18T15:11:50","date_gmt":"2021-01-18T14:11:50","guid":{"rendered":"http:\/\/fitonasalfrspray.multisite.aboca.com\/?page_id=3896"},"modified":"2021-07-02T09:53:11","modified_gmt":"2021-07-02T07:53:11","slug":"home","status":"publish","type":"page","link":"https:\/\/www.fitonasal.fr\/spray\/","title":{"rendered":"Fitonasal Spray concentr\u00e9"},"content":{"rendered":"\n<h2 class=\"wp-block-heading\">Il lib\u00e8re le souffle et prot\u00e8ge le nez.<\/h2>\n\n\n\n<div style=\"height:50px\" aria-hidden=\"true\" class=\"wp-block-spacer\"><\/div>\n\n\n\n<p>Bien respirer est important. Rhume, allergie et nez bouch\u00e9 peuvent \u00eatre un probl\u00e8me.<br><strong>Fitonasal Spray concentr\u00e9<\/strong>&nbsp;est un d\u00e9congestionnant qui respecte votre muqueuse nasale, en la prot\u00e9geant et par cons\u00e9quent en la r\u00e9g\u00e9n\u00e9rant.<br>Le produit contient&nbsp;<strong>Tannisal-FL,<\/strong>&nbsp;un complexe mol\u00e9culaire compos\u00e9 de Tanins, Flavono\u00efdes et Sel gemme.<\/p>\n\n\n\n<p><strong>Et vous retrouvez une respiration normale.<\/strong><\/p>\n","protected":false},"excerpt":{"rendered":"<p>Il lib\u00e8re le souffle et prot\u00e8ge le nez. Bien respirer est important. Rhume, allergie et nez bouch\u00e9 peuvent \u00eatre un probl\u00e8me.Fitonasal Spray concentr\u00e9&nbsp;est un d\u00e9congestionnant qui respecte votre muqueuse nasale, en la prot\u00e9geant et par cons\u00e9quent en la r\u00e9g\u00e9n\u00e9rant.Le produit contient&nbsp;Tannisal-FL,&nbsp;un complexe mol\u00e9culaire compos\u00e9 de Tanins, Flavono\u00efdes et Sel gemme. Et vous retrouvez une respiration&#8230;  <a href=\"https:\/\/www.fitonasal.fr\/spray\/\" class=\"more-link\" title=\"Read Fitonasal Spray concentr\u00e9\">Leggi tutto &raquo;<\/a><\/p>\n","protected":false},"author":2,"featured_media":0,"parent":0,"menu_order":0,"comment_status":"closed","ping_status":"closed","template":"","meta":{"footnotes":""},"class_list":["post-3896","page","type-page","status-publish","hentry"],"yoast_head":"<!-- This site is optimized with the Yoast SEO plugin v27.4 - https:\/\/yoast.com\/product\/yoast-seo-wordpress\/ -->\n<title>Fitonasal Spray Concentr\u00e9<\/title>\n<meta name=\"description\" content=\"Fitonasal Spray concentr\u00e9 est un d\u00e9congestionnant qui respecte votre muqueuse nasale, la prot\u00e8ge et par cons\u00e9quent la r\u00e9g\u00e9n\u00e8re.\" \/>\n<meta name=\"robots\" content=\"index, follow, max-snippet:-1, max-image-preview:large, max-video-preview:-1\" \/>\n<link rel=\"canonical\" href=\"https:\/\/www.fitonasal.fr\/spray\/\" \/>\n<meta property=\"og:locale\" content=\"fr_FR\" \/>\n<meta property=\"og:type\" content=\"article\" \/>\n<meta property=\"og:title\" content=\"Fitonasal Spray Concentr\u00e9\" \/>\n<meta property=\"og:description\" content=\"Fitonasal Spray concentr\u00e9 est un d\u00e9congestionnant qui respecte votre muqueuse nasale, la prot\u00e8ge et par cons\u00e9quent la r\u00e9g\u00e9n\u00e8re.\" \/>\n<meta property=\"og:url\" content=\"https:\/\/www.fitonasal.fr\/spray\/\" \/>\n<meta property=\"og:site_name\" content=\"Fitonasal Spray\" \/>\n<meta property=\"article:modified_time\" content=\"2021-07-02T07:53:11+00:00\" \/>\n<meta name=\"twitter:card\" content=\"summary_large_image\" \/>\n<meta name=\"twitter:label1\" content=\"Dur\u00e9e de lecture estim\u00e9e\" \/>\n\t<meta name=\"twitter:data1\" content=\"1 minute\" \/>\n<script type=\"application\/ld+json\" class=\"yoast-schema-graph\">{\"@context\":\"https:\\\/\\\/schema.org\",\"@graph\":[{\"@type\":\"WebPage\",\"@id\":\"https:\\\/\\\/www.fitonasal.fr\\\/spray\\\/\",\"url\":\"https:\\\/\\\/www.fitonasal.fr\\\/spray\\\/\",\"name\":\"Fitonasal Spray Concentr\u00e9\",\"isPartOf\":{\"@id\":\"https:\\\/\\\/www.fitonasal.fr\\\/spray\\\/#website\"},\"datePublished\":\"2021-01-18T14:11:50+00:00\",\"dateModified\":\"2021-07-02T07:53:11+00:00\",\"description\":\"Fitonasal Spray concentr\u00e9 est un d\u00e9congestionnant qui respecte votre muqueuse nasale, la prot\u00e8ge et par cons\u00e9quent la r\u00e9g\u00e9n\u00e8re.\",\"breadcrumb\":{\"@id\":\"https:\\\/\\\/www.fitonasal.fr\\\/spray\\\/#breadcrumb\"},\"inLanguage\":\"fr-FR\",\"potentialAction\":[{\"@type\":\"ReadAction\",\"target\":[\"https:\\\/\\\/www.fitonasal.fr\\\/spray\\\/\"]}]},{\"@type\":\"BreadcrumbList\",\"@id\":\"https:\\\/\\\/www.fitonasal.fr\\\/spray\\\/#breadcrumb\",\"itemListElement\":[{\"@type\":\"ListItem\",\"position\":1,\"name\":\"Home\",\"item\":\"https:\\\/\\\/www.fitonasal.fr\\\/spray\\\/\"},{\"@type\":\"ListItem\",\"position\":2,\"name\":\"Fitonasal Spray concentr\u00e9\"}]},{\"@type\":\"WebSite\",\"@id\":\"https:\\\/\\\/www.fitonasal.fr\\\/spray\\\/#website\",\"url\":\"https:\\\/\\\/www.fitonasal.fr\\\/spray\\\/\",\"name\":\"Fitonasal Spray\",\"description\":\"Fitonasal Spray concentr\u00e9 est un d\u00e9congestionnant qui respecte votre muqueuse nasale, la prot\u00e8ge et par cons\u00e9quent la r\u00e9g\u00e9n\u00e8re.\",\"potentialAction\":[{\"@type\":\"SearchAction\",\"target\":{\"@type\":\"EntryPoint\",\"urlTemplate\":\"https:\\\/\\\/www.fitonasal.fr\\\/spray\\\/?s={search_term_string}\"},\"query-input\":{\"@type\":\"PropertyValueSpecification\",\"valueRequired\":true,\"valueName\":\"search_term_string\"}}],\"inLanguage\":\"fr-FR\"}]}<\/script>\n<!-- \/ Yoast SEO plugin. -->","yoast_head_json":{"title":"Fitonasal Spray Concentr\u00e9","description":"Fitonasal Spray concentr\u00e9 est un d\u00e9congestionnant qui respecte votre muqueuse nasale, la prot\u00e8ge et par cons\u00e9quent la r\u00e9g\u00e9n\u00e8re.","robots":{"index":"index","follow":"follow","max-snippet":"max-snippet:-1","max-image-preview":"max-image-preview:large","max-video-preview":"max-video-preview:-1"},"canonical":"https:\/\/www.fitonasal.fr\/spray\/","og_locale":"fr_FR","og_type":"article","og_title":"Fitonasal Spray Concentr\u00e9","og_description":"Fitonasal Spray concentr\u00e9 est un d\u00e9congestionnant qui respecte votre muqueuse nasale, la prot\u00e8ge et par cons\u00e9quent la r\u00e9g\u00e9n\u00e8re.","og_url":"https:\/\/www.fitonasal.fr\/spray\/","og_site_name":"Fitonasal Spray","article_modified_time":"2021-07-02T07:53:11+00:00","twitter_card":"summary_large_image","twitter_misc":{"Dur\u00e9e de lecture estim\u00e9e":"1 minute"},"schema":{"@context":"https:\/\/schema.org","@graph":[{"@type":"WebPage","@id":"https:\/\/www.fitonasal.fr\/spray\/","url":"https:\/\/www.fitonasal.fr\/spray\/","name":"Fitonasal Spray Concentr\u00e9","isPartOf":{"@id":"https:\/\/www.fitonasal.fr\/spray\/#website"},"datePublished":"2021-01-18T14:11:50+00:00","dateModified":"2021-07-02T07:53:11+00:00","description":"Fitonasal Spray concentr\u00e9 est un d\u00e9congestionnant qui respecte votre muqueuse nasale, la prot\u00e8ge et par cons\u00e9quent la r\u00e9g\u00e9n\u00e8re.","breadcrumb":{"@id":"https:\/\/www.fitonasal.fr\/spray\/#breadcrumb"},"inLanguage":"fr-FR","potentialAction":[{"@type":"ReadAction","target":["https:\/\/www.fitonasal.fr\/spray\/"]}]},{"@type":"BreadcrumbList","@id":"https:\/\/www.fitonasal.fr\/spray\/#breadcrumb","itemListElement":[{"@type":"ListItem","position":1,"name":"Home","item":"https:\/\/www.fitonasal.fr\/spray\/"},{"@type":"ListItem","position":2,"name":"Fitonasal Spray concentr\u00e9"}]},{"@type":"WebSite","@id":"https:\/\/www.fitonasal.fr\/spray\/#website","url":"https:\/\/www.fitonasal.fr\/spray\/","name":"Fitonasal Spray","description":"Fitonasal Spray concentr\u00e9 est un d\u00e9congestionnant qui respecte votre muqueuse nasale, la prot\u00e8ge et par cons\u00e9quent la r\u00e9g\u00e9n\u00e8re.","potentialAction":[{"@type":"SearchAction","target":{"@type":"EntryPoint","urlTemplate":"https:\/\/www.fitonasal.fr\/spray\/?s={search_term_string}"},"query-input":{"@type":"PropertyValueSpecification","valueRequired":true,"valueName":"search_term_string"}}],"inLanguage":"fr-FR"}]}},"_links":{"self":[{"href":"https:\/\/www.fitonasal.fr\/spray\/wp-json\/wp\/v2\/pages\/3896","targetHints":{"allow":["GET"]}}],"collection":[{"href":"https:\/\/www.fitonasal.fr\/spray\/wp-json\/wp\/v2\/pages"}],"about":[{"href":"https:\/\/www.fitonasal.fr\/spray\/wp-json\/wp\/v2\/types\/page"}],"author":[{"embeddable":true,"href":"https:\/\/www.fitonasal.fr\/spray\/wp-json\/wp\/v2\/users\/2"}],"replies":[{"embeddable":true,"href":"https:\/\/www.fitonasal.fr\/spray\/wp-json\/wp\/v2\/comments?post=3896"}],"version-history":[{"count":5,"href":"https:\/\/www.fitonasal.fr\/spray\/wp-json\/wp\/v2\/pages\/3896\/revisions"}],"predecessor-version":[{"id":4079,"href":"https:\/\/www.fitonasal.fr\/spray\/wp-json\/wp\/v2\/pages\/3896\/revisions\/4079"}],"wp:attachment":[{"href":"https:\/\/www.fitonasal.fr\/spray\/wp-json\/wp\/v2\/media?parent=3896"}],"curies":[{"name":"wp","href":"https:\/\/api.w.org\/{rel}","templated":true}]}}